{"id":2,"date":"2011-03-02T00:07:47","date_gmt":"2011-03-02T00:07:47","guid":{"rendered":"http:\/\/ricardoartur.com.br\/1004\/?page_id=2"},"modified":"2020-07-27T17:06:58","modified_gmt":"2020-07-27T20:06:58","slug":"about","status":"publish","type":"page","link":"https:\/\/ricardoartur.com.br\/imagem\/about\/","title":{"rendered":"Sobre"},"content":{"rendered":"\n<p>Este \u00e9 um site dedicado ao assunto da cria\u00e7\u00e3o e tratamento de imagens.<\/p>\n\n\n\n<p>Anteriormente o site esteve vinculado a uma disciplina ministrada no Departamento de Artes &amp; Design da PUC-Rio. Atualmente dou continuidade ao material, enfatizando o uso de Software Livre &#8211; como alternativa educacional e acess\u00edvel.<\/p>\n\n\n\n<p><strong><span style=\"color:#6600cc\" class=\"has-inline-color\">Postagens:<\/span><\/strong><\/p>\n\n\n\n<ul class=\"wp-block-list\"><li><span style=\"color:#6600cc\" class=\"has-inline-color\"><a href=\"https:\/\/ricardoartur.com.br\/imagem\/category\/aula\/\">Aulas<\/a><\/span><\/li><li><span style=\"color:#6600cc\" class=\"has-inline-color\"><a href=\"https:\/\/ricardoartur.com.br\/imagem\/category\/gimp\/\">GIMP<\/a><\/span><\/li><li><span style=\"color:#6600cc\" class=\"has-inline-color\"><a href=\"https:\/\/ricardoartur.com.br\/imagem\/category\/inkscape\/\">Inkscape<\/a><\/span><\/li><li><span style=\"color:#6600cc\" class=\"has-inline-color\"><a rel=\"noreferrer noopener\" href=\"https:\/\/ricardoartur.com.br\/imagem\/category\/photoshop-2\/\" target=\"_blank\">Photoshop<\/a><\/span><\/li><li><span style=\"color:#6600cc\" class=\"has-inline-color\"><a rel=\"noreferrer noopener\" href=\"https:\/\/ricardoartur.com.br\/imagem\/category\/illustrator\/\" target=\"_blank\">Illustrator<\/a><\/span><\/li><li><span style=\"color:#6600cc\" class=\"has-inline-color\"><a rel=\"noreferrer noopener\" href=\"https:\/\/ricardoartur.com.br\/imagem\/category\/tarefas\/\" target=\"_blank\">Tarefas<\/a><\/span><\/li><\/ul>\n\n\n\n<p><\/p>\n","protected":false},"excerpt":{"rendered":"<p>Este \u00e9 um site dedicado ao assunto da cria\u00e7\u00e3o e tratamento de imagens. Anteriormente o site esteve vinculado a uma disciplina ministrada no Departamento de Artes &amp; Design da PUC-Rio. Atualmente dou continuidade ao material, enfatizando o uso de Software Livre &#8211; como alternativa educacional e acess\u00edvel. Postagens: Aulas GIMP Inkscape Photoshop Illustrator Tarefas<\/p>\n","protected":false},"author":1,"featured_media":0,"parent":0,"menu_order":0,"comment_status":"closed","ping_status":"open","template":"","meta":{"footnotes":""},"class_list":["post-2","page","type-page","status-publish","hentry"],"_links":{"self":[{"href":"https:\/\/ricardoartur.com.br\/imagem\/wp-json\/wp\/v2\/pages\/2","targetHints":{"allow":["GET"]}}],"collection":[{"href":"https:\/\/ricardoartur.com.br\/imagem\/wp-json\/wp\/v2\/pages"}],"about":[{"href":"https:\/\/ricardoartur.com.br\/imagem\/wp-json\/wp\/v2\/types\/page"}],"author":[{"embeddable":true,"href":"https:\/\/ricardoartur.com.br\/imagem\/wp-json\/wp\/v2\/users\/1"}],"replies":[{"embeddable":true,"href":"https:\/\/ricardoartur.com.br\/imagem\/wp-json\/wp\/v2\/comments?post=2"}],"version-history":[{"count":10,"href":"https:\/\/ricardoartur.com.br\/imagem\/wp-json\/wp\/v2\/pages\/2\/revisions"}],"predecessor-version":[{"id":461,"href":"https:\/\/ricardoartur.com.br\/imagem\/wp-json\/wp\/v2\/pages\/2\/revisions\/461"}],"wp:attachment":[{"href":"https:\/\/ricardoartur.com.br\/imagem\/wp-json\/wp\/v2\/media?parent=2"}],"curies":[{"name":"wp","href":"https:\/\/api.w.org\/{rel}","templated":true}]}}