{"id":6,"date":"2014-10-18T14:25:16","date_gmt":"2014-10-18T17:25:16","guid":{"rendered":"http:\/\/ricardoartur.com.br\/mmr2\/?page_id=6"},"modified":"2023-04-21T11:54:50","modified_gmt":"2023-04-21T14:54:50","slug":"referencias","status":"publish","type":"page","link":"https:\/\/ricardoartur.com.br\/web\/referencias\/","title":{"rendered":"Refer\u00eancias"},"content":{"rendered":"<h1>Refer\u00eancias para consulta<\/h1>\n<p>Abaixo\u00a0encontram-se diferentes refer\u00eancias ordenadas por assunto.<\/p>\n<h2>HTML\/CSS<\/h2>\n<p>Para aprender<\/p>\n<ul>\n<li><a title=\"HTML tutorial\" href=\"http:\/\/www.w3schools.com\/html\/default.asp\" target=\"_blank\" rel=\"noopener\">W3Schools, tutorial\u00a0de HTML<\/a><\/li>\n<li><a title=\"CSS tutorial\" href=\"http:\/\/www.w3schools.com\/css\/default.asp\" target=\"_blank\" rel=\"noopener\">W3Schools, tutorial de CSS<\/a><\/li>\n<li><a title=\"Tutorial HTML.net\" href=\"http:\/\/pt-br.html.net\/tutorials\/html\/introduction.php\" target=\"_blank\" rel=\"noopener\">Tutorial de HTML (em portugu\u00eas)<\/a><\/li>\n<\/ul>\n<p>Para consultar<\/p>\n<ul>\n<li><a title=\"W3C\" href=\"http:\/\/www.w3.org\/\" target=\"_blank\" rel=\"noopener\">W3C &#8211; World Wide Web Consortium &#8211; organiza\u00e7\u00e3o respons\u00e1vel pela defini\u00e7\u00e3o dos padr\u00f5es da web.<\/a><\/li>\n<li><a title=\"A List Apart\" href=\"http:\/\/alistapart.com\/\" target=\"_blank\" rel=\"noopener\">A List Apart &#8211; revista digital sobre web<\/a><\/li>\n<li><a title=\"Tableless\" href=\"http:\/\/tableless.com.br\/\" target=\"_blank\" rel=\"noopener\">Tableless &#8211; site brasileiro dedicado \u00e0 discuss\u00f5es de Web<\/a><\/li>\n<li><a href=\"https:\/\/archive.org\/web\/\" target=\"_blank\" rel=\"noopener\">Wayback machine, a m\u00e1quina do tempo da Web<\/a><\/li>\n<\/ul>\n<p>Para verifica\u00e7\u00e3o de c\u00f3digo<\/p>\n<ul>\n<li><a title=\"HTML Validator\" href=\"http:\/\/validator.w3.org\/\" target=\"_blank\" rel=\"noopener\">Validador de c\u00f3digo \u00a0HTML \u00a0da W3C<\/a><\/li>\n<li><a title=\"CSS validator\" href=\"http:\/\/jigsaw.w3.org\/css-validator\/\" target=\"_blank\" rel=\"noopener\">Validador de c\u00f3digo CSS da W3C<\/a><\/li>\n<\/ul>\n<p>&nbsp;<\/p>\n","protected":false},"excerpt":{"rendered":"<p>Refer\u00eancias para consulta Abaixo\u00a0encontram-se diferentes refer\u00eancias ordenadas por assunto. HTML\/CSS Para aprender W3Schools, tutorial\u00a0de HTML W3Schools, tutorial de CSS Tutorial de HTML (em portugu\u00eas) Para consultar W3C &#8211; World Wide Web Consortium &#8211; organiza\u00e7\u00e3o respons\u00e1vel pela defini\u00e7\u00e3o dos padr\u00f5es da web. A List Apart &#8211; revista digital sobre web Tableless &#8211; site brasileiro dedicado \u00e0 [&hellip;]<\/p>\n","protected":false},"author":1,"featured_media":0,"parent":0,"menu_order":0,"comment_status":"closed","ping_status":"closed","template":"","meta":{"footnotes":""},"class_list":["post-6","page","type-page","status-publish","hentry"],"_links":{"self":[{"href":"https:\/\/ricardoartur.com.br\/web\/wp-json\/wp\/v2\/pages\/6","targetHints":{"allow":["GET"]}}],"collection":[{"href":"https:\/\/ricardoartur.com.br\/web\/wp-json\/wp\/v2\/pages"}],"about":[{"href":"https:\/\/ricardoartur.com.br\/web\/wp-json\/wp\/v2\/types\/page"}],"author":[{"embeddable":true,"href":"https:\/\/ricardoartur.com.br\/web\/wp-json\/wp\/v2\/users\/1"}],"replies":[{"embeddable":true,"href":"https:\/\/ricardoartur.com.br\/web\/wp-json\/wp\/v2\/comments?post=6"}],"version-history":[{"count":2,"href":"https:\/\/ricardoartur.com.br\/web\/wp-json\/wp\/v2\/pages\/6\/revisions"}],"predecessor-version":[{"id":120,"href":"https:\/\/ricardoartur.com.br\/web\/wp-json\/wp\/v2\/pages\/6\/revisions\/120"}],"wp:attachment":[{"href":"https:\/\/ricardoartur.com.br\/web\/wp-json\/wp\/v2\/media?parent=6"}],"curies":[{"name":"wp","href":"https:\/\/api.w.org\/{rel}","templated":true}]}}